{"id":14,"date":"2021-07-27T19:04:49","date_gmt":"2021-07-27T19:04:49","guid":{"rendered":"https:\/\/desherbex.com\/contact\/"},"modified":"2024-09-27T14:20:05","modified_gmt":"2024-09-27T18:20:05","slug":"contact","status":"publish","type":"page","link":"https:\/\/desherbex.com\/en\/contact\/","title":{"rendered":"Contact us"},"content":{"rendered":"<div data-elementor-type=\"wp-page\" data-elementor-id=\"14\" class=\"elementor elementor-14\">\n\t\t\t\t\t\t<section class=\"elementor-section elementor-top-section elementor-element elementor-element-55c5cafa elementor-section-content-top elementor-section-boxed elementor-section-height-default elementor-section-height-default\" data-id=\"55c5cafa\" data-element_type=\"section\" data-e-type=\"section\">\n\t\t\t\t\t\t<div class=\"elementor-container elementor-column-gap-no\">\n\t\t\t\t\t<div class=\"elementor-column elementor-col-100 elementor-top-column elementor-element elementor-element-737976e7\" data-id=\"737976e7\" data-element_type=\"column\" data-e-type=\"column\">\n\t\t\t<div class=\"elementor-widget-wrap elementor-element-populated\">\n\t\t\t\t\t\t<div class=\"elementor-element elementor-element-8fb103e elementor-hidden-mobile elementor-widget elementor-widget-image\" data-id=\"8fb103e\" data-element_type=\"widget\" data-e-type=\"widget\" data-widget_type=\"image.default\">\n\t\t\t\t<div class=\"elementor-widget-container\">\n\t\t\t\t\t\t\t\t\t\t\t\t\t\t\t<img fetchpriority=\"high\" decoding=\"async\" width=\"1024\" height=\"415\" src=\"https:\/\/desherbex.com\/wp-content\/uploads\/2022\/10\/New-Project-1024x415.jpg\" class=\"attachment-large size-large wp-image-560\" alt=\"\" srcset=\"https:\/\/desherbex.com\/wp-content\/uploads\/2022\/10\/New-Project-1024x415.jpg 1024w, https:\/\/desherbex.com\/wp-content\/uploads\/2022\/10\/New-Project-300x121.jpg 300w, https:\/\/desherbex.com\/wp-content\/uploads\/2022\/10\/New-Project-768x311.jpg 768w, https:\/\/desherbex.com\/wp-content\/uploads\/2022\/10\/New-Project-1536x622.jpg 1536w, https:\/\/desherbex.com\/wp-content\/uploads\/2022\/10\/New-Project-18x7.jpg 18w, https:\/\/desherbex.com\/wp-content\/uploads\/2022\/10\/New-Project.jpg 1640w\" sizes=\"(max-width: 1024px) 100vw, 1024px\" \/>\t\t\t\t\t\t\t\t\t\t\t\t\t\t\t<\/div>\n\t\t\t\t<\/div>\n\t\t\t\t<div class=\"elementor-element elementor-element-5967a190 elementor-widget elementor-widget-heading\" data-id=\"5967a190\" data-element_type=\"widget\" data-e-type=\"widget\" data-widget_type=\"heading.default\">\n\t\t\t\t<div class=\"elementor-widget-container\">\n\t\t\t\t\t<h5 class=\"elementor-heading-title elementor-size-default\">Contact us<\/h5>\t\t\t\t<\/div>\n\t\t\t\t<\/div>\n\t\t\t\t<div class=\"elementor-element elementor-element-29dd490d elementor-widget elementor-widget-heading\" data-id=\"29dd490d\" data-element_type=\"widget\" data-e-type=\"widget\" data-widget_type=\"heading.default\">\n\t\t\t\t<div class=\"elementor-widget-container\">\n\t\t\t\t\t<h4 class=\"elementor-heading-title elementor-size-default\">For any questions, write to us or follow us on LinkedIn!<\/h4>\t\t\t\t<\/div>\n\t\t\t\t<\/div>\n\t\t\t\t<div class=\"elementor-element elementor-element-24ea29d elementor-widget elementor-widget-button\" data-id=\"24ea29d\" data-element_type=\"widget\" data-e-type=\"widget\" data-widget_type=\"button.default\">\n\t\t\t\t<div class=\"elementor-widget-container\">\n\t\t\t\t\t\t\t\t\t<div class=\"elementor-button-wrapper\">\n\t\t\t\t\t<a class=\"elementor-button elementor-button-link elementor-size-sm\" href=\"mailto:info@desherbex.com\">\n\t\t\t\t\t\t<span class=\"elementor-button-content-wrapper\">\n\t\t\t\t\t\t\t\t\t<span class=\"elementor-button-text\">Write to us! <\/span>\n\t\t\t\t\t<\/span>\n\t\t\t\t\t<\/a>\n\t\t\t\t<\/div>\n\t\t\t\t\t\t\t\t<\/div>\n\t\t\t\t<\/div>\n\t\t\t\t<div class=\"elementor-element elementor-element-710bb9e7 elementor-shape-circle e-grid-align-left elementor-grid-0 elementor-widget elementor-widget-social-icons\" data-id=\"710bb9e7\" data-element_type=\"widget\" data-e-type=\"widget\" data-widget_type=\"social-icons.default\">\n\t\t\t\t<div class=\"elementor-widget-container\">\n\t\t\t\t\t\t\t<div class=\"elementor-social-icons-wrapper elementor-grid\">\n\t\t\t\t\t\t\t<span class=\"elementor-grid-item\">\n\t\t\t\t\t<a class=\"elementor-icon elementor-social-icon elementor-social-icon-linkedin elementor-animation-grow elementor-repeater-item-9c86cde\" href=\"https:\/\/www.linkedin.com\/company\/desherbex\" target=\"_blank\">\n\t\t\t\t\t\t<span class=\"elementor-screen-only\">Linkedin<\/span>\n\t\t\t\t\t\t<i aria-hidden=\"true\" class=\"fab fa-linkedin\"><\/i>\t\t\t\t\t<\/a>\n\t\t\t\t<\/span>\n\t\t\t\t\t<\/div>\n\t\t\t\t\t\t<\/div>\n\t\t\t\t<\/div>\n\t\t\t\t\t<\/div>\n\t\t<\/div>\n\t\t\t\t\t<\/div>\n\t\t<\/section>\n\t\t\t\t<\/div>","protected":false},"excerpt":{"rendered":"<p>Contact Pour toute question, \u00e9crivez-nous ou suivez-nous sur LinkedIn! \u00c9crivez-nous! Linkedin<\/p>","protected":false},"author":1,"featured_media":0,"parent":0,"menu_order":0,"comment_status":"closed","ping_status":"closed","template":"","meta":{"_coblocks_attr":"","_coblocks_dimensions":"","_coblocks_responsive_height":"","_coblocks_accordion_ie_support":"","_monsterinsights_skip_tracking":false,"_monsterinsights_sitenote_active":false,"_monsterinsights_sitenote_note":"","_monsterinsights_sitenote_category":0,"site-sidebar-layout":"default","site-content-layout":"default","ast-site-content-layout":"default","site-content-style":"default","site-sidebar-style":"default","ast-global-header-display":"","ast-banner-title-visibility":"","ast-main-header-display":"","ast-hfb-above-header-display":"","ast-hfb-below-header-display":"","ast-hfb-mobile-header-display":"","site-post-title":"","ast-breadcrumbs-content":"","ast-featured-img":"","footer-sml-layout":"","ast-disable-related-posts":"","theme-transparent-header-meta":"default","adv-header-id-meta":"","stick-header-meta":"","header-above-stick-meta":"","header-main-stick-meta":"","header-below-stick-meta":"","astra-migrate-meta-layouts":"set","ast-page-background-enabled":"default","ast-page-background-meta":{"desktop":{"background-color":"var(--ast-global-color-4)","background-image":"","background-repeat":"repeat","background-position":"center center","background-size":"auto","background-attachment":"scroll","background-type":"","background-media":"","overlay-type":"","overlay-color":"","overlay-opacity":"","overlay-gradient":""},"tablet":{"background-color":"","background-image":"","background-repeat":"repeat","background-position":"center center","background-size":"auto","background-attachment":"scroll","background-type":"","background-media":"","overlay-type":"","overlay-color":"","overlay-opacity":"","overlay-gradient":""},"mobile":{"background-color":"","background-image":"","background-repeat":"repeat","background-position":"center center","background-size":"auto","background-attachment":"scroll","background-type":"","background-media":"","overlay-type":"","overlay-color":"","overlay-opacity":"","overlay-gradient":""}},"ast-content-background-meta":{"desktop":{"background-color":"var(--ast-global-color-5)","background-image":"","background-repeat":"repeat","background-position":"center center","background-size":"auto","background-attachment":"scroll","background-type":"","background-media":"","overlay-type":"","overlay-color":"","overlay-opacity":"","overlay-gradient":""},"tablet":{"background-color":"var(--ast-global-color-5)","background-image":"","background-repeat":"repeat","background-position":"center center","background-size":"auto","background-attachment":"scroll","background-type":"","background-media":"","overlay-type":"","overlay-color":"","overlay-opacity":"","overlay-gradient":""},"mobile":{"background-color":"var(--ast-global-color-5)","background-image":"","background-repeat":"repeat","background-position":"center center","background-size":"auto","background-attachment":"scroll","background-type":"","background-media":"","overlay-type":"","overlay-color":"","overlay-opacity":"","overlay-gradient":""}},"footnotes":""},"class_list":["post-14","page","type-page","status-publish","hentry"],"yoast_head":"<!-- This site is optimized with the Yoast SEO plugin v27.5 - https:\/\/yoast.com\/product\/yoast-seo-wordpress\/ -->\n<title>Contact - D\u00e9sherbex<\/title>\n<meta name=\"description\" content=\"Pour en aprendre plus sur D\u00e9sherbex, La solution automatique intelligente aux mauvais herbes, \u00e9crivez-nous et sautez dans l&#039;aventure!\" \/>\n<meta name=\"robots\" content=\"index, follow, max-snippet:-1, max-image-preview:large, max-video-preview:-1\" \/>\n<link rel=\"canonical\" href=\"https:\/\/desherbex.com\/en\/contact\/\" \/>\n<meta property=\"og:locale\" content=\"en_US\" \/>\n<meta property=\"og:type\" content=\"article\" \/>\n<meta property=\"og:title\" content=\"Contact - D\u00e9sherbex\" \/>\n<meta property=\"og:description\" content=\"Pour en aprendre plus sur D\u00e9sherbex, La solution automatique intelligente aux mauvais herbes, \u00e9crivez-nous et sautez dans l&#039;aventure!\" \/>\n<meta property=\"og:url\" content=\"https:\/\/desherbex.com\/en\/contact\/\" \/>\n<meta property=\"og:site_name\" content=\"D\u00e9sherbex\" \/>\n<meta property=\"article:modified_time\" content=\"2024-09-27T18:20:05+00:00\" \/>\n<meta property=\"og:image\" content=\"https:\/\/desherbex.com\/wp-content\/uploads\/2022\/10\/New-Project-1024x415.jpg\" \/>\n<meta name=\"twitter:card\" content=\"summary_large_image\" \/>\n<meta name=\"twitter:label1\" content=\"Est. reading time\" \/>\n\t<meta name=\"twitter:data1\" content=\"1 minute\" \/>\n<script type=\"application\/ld+json\" class=\"yoast-schema-graph\">{\"@context\":\"https:\\\/\\\/schema.org\",\"@graph\":[{\"@type\":\"WebPage\",\"@id\":\"https:\\\/\\\/desherbex.com\\\/contact\\\/\",\"url\":\"https:\\\/\\\/desherbex.com\\\/contact\\\/\",\"name\":\"Contact - D\u00e9sherbex\",\"isPartOf\":{\"@id\":\"https:\\\/\\\/desherbex.com\\\/#website\"},\"primaryImageOfPage\":{\"@id\":\"https:\\\/\\\/desherbex.com\\\/contact\\\/#primaryimage\"},\"image\":{\"@id\":\"https:\\\/\\\/desherbex.com\\\/contact\\\/#primaryimage\"},\"thumbnailUrl\":\"https:\\\/\\\/desherbex.com\\\/wp-content\\\/uploads\\\/2022\\\/10\\\/New-Project-1024x415.jpg\",\"datePublished\":\"2021-07-27T19:04:49+00:00\",\"dateModified\":\"2024-09-27T18:20:05+00:00\",\"description\":\"Pour en aprendre plus sur D\u00e9sherbex, La solution automatique intelligente aux mauvais herbes, \u00e9crivez-nous et sautez dans l'aventure!\",\"breadcrumb\":{\"@id\":\"https:\\\/\\\/desherbex.com\\\/contact\\\/#breadcrumb\"},\"inLanguage\":\"en-CA\",\"potentialAction\":[{\"@type\":\"ReadAction\",\"target\":[\"https:\\\/\\\/desherbex.com\\\/contact\\\/\"]}]},{\"@type\":\"ImageObject\",\"inLanguage\":\"en-CA\",\"@id\":\"https:\\\/\\\/desherbex.com\\\/contact\\\/#primaryimage\",\"url\":\"https:\\\/\\\/desherbex.com\\\/wp-content\\\/uploads\\\/2022\\\/10\\\/New-Project-1024x415.jpg\",\"contentUrl\":\"https:\\\/\\\/desherbex.com\\\/wp-content\\\/uploads\\\/2022\\\/10\\\/New-Project-1024x415.jpg\"},{\"@type\":\"BreadcrumbList\",\"@id\":\"https:\\\/\\\/desherbex.com\\\/contact\\\/#breadcrumb\",\"itemListElement\":[{\"@type\":\"ListItem\",\"position\":1,\"name\":\"Home\",\"item\":\"https:\\\/\\\/desherbex.com\\\/\"},{\"@type\":\"ListItem\",\"position\":2,\"name\":\"Contact\"}]},{\"@type\":\"WebSite\",\"@id\":\"https:\\\/\\\/desherbex.com\\\/#website\",\"url\":\"https:\\\/\\\/desherbex.com\\\/\",\"name\":\"D\u00e9sherbex\",\"description\":\"\",\"publisher\":{\"@id\":\"https:\\\/\\\/desherbex.com\\\/#organization\"},\"potentialAction\":[{\"@type\":\"SearchAction\",\"target\":{\"@type\":\"EntryPoint\",\"urlTemplate\":\"https:\\\/\\\/desherbex.com\\\/?s={search_term_string}\"},\"query-input\":{\"@type\":\"PropertyValueSpecification\",\"valueRequired\":true,\"valueName\":\"search_term_string\"}}],\"inLanguage\":\"en-CA\"},{\"@type\":\"Organization\",\"@id\":\"https:\\\/\\\/desherbex.com\\\/#organization\",\"name\":\"D\u00e9sherbex\",\"url\":\"https:\\\/\\\/desherbex.com\\\/\",\"logo\":{\"@type\":\"ImageObject\",\"inLanguage\":\"en-CA\",\"@id\":\"https:\\\/\\\/desherbex.com\\\/#\\\/schema\\\/logo\\\/image\\\/\",\"url\":\"https:\\\/\\\/desherbex.com\\\/wp-content\\\/uploads\\\/2022\\\/02\\\/cropped-LOGO_DESHERBEX-NOIR.png\",\"contentUrl\":\"https:\\\/\\\/desherbex.com\\\/wp-content\\\/uploads\\\/2022\\\/02\\\/cropped-LOGO_DESHERBEX-NOIR.png\",\"width\":1563,\"height\":408,\"caption\":\"D\u00e9sherbex\"},\"image\":{\"@id\":\"https:\\\/\\\/desherbex.com\\\/#\\\/schema\\\/logo\\\/image\\\/\"}}]}<\/script>\n<!-- \/ Yoast SEO plugin. -->","yoast_head_json":{"title":"Contact - D\u00e9sherbex","description":"Pour en aprendre plus sur D\u00e9sherbex, La solution automatique intelligente aux mauvais herbes, \u00e9crivez-nous et sautez dans l'aventure!","robots":{"index":"index","follow":"follow","max-snippet":"max-snippet:-1","max-image-preview":"max-image-preview:large","max-video-preview":"max-video-preview:-1"},"canonical":"https:\/\/desherbex.com\/en\/contact\/","og_locale":"en_US","og_type":"article","og_title":"Contact - D\u00e9sherbex","og_description":"Pour en aprendre plus sur D\u00e9sherbex, La solution automatique intelligente aux mauvais herbes, \u00e9crivez-nous et sautez dans l'aventure!","og_url":"https:\/\/desherbex.com\/en\/contact\/","og_site_name":"D\u00e9sherbex","article_modified_time":"2024-09-27T18:20:05+00:00","og_image":[{"url":"https:\/\/desherbex.com\/wp-content\/uploads\/2022\/10\/New-Project-1024x415.jpg","type":"","width":"","height":""}],"twitter_card":"summary_large_image","twitter_misc":{"Est. reading time":"1 minute"},"schema":{"@context":"https:\/\/schema.org","@graph":[{"@type":"WebPage","@id":"https:\/\/desherbex.com\/contact\/","url":"https:\/\/desherbex.com\/contact\/","name":"Contact - D\u00e9sherbex","isPartOf":{"@id":"https:\/\/desherbex.com\/#website"},"primaryImageOfPage":{"@id":"https:\/\/desherbex.com\/contact\/#primaryimage"},"image":{"@id":"https:\/\/desherbex.com\/contact\/#primaryimage"},"thumbnailUrl":"https:\/\/desherbex.com\/wp-content\/uploads\/2022\/10\/New-Project-1024x415.jpg","datePublished":"2021-07-27T19:04:49+00:00","dateModified":"2024-09-27T18:20:05+00:00","description":"Pour en aprendre plus sur D\u00e9sherbex, La solution automatique intelligente aux mauvais herbes, \u00e9crivez-nous et sautez dans l'aventure!","breadcrumb":{"@id":"https:\/\/desherbex.com\/contact\/#breadcrumb"},"inLanguage":"en-CA","potentialAction":[{"@type":"ReadAction","target":["https:\/\/desherbex.com\/contact\/"]}]},{"@type":"ImageObject","inLanguage":"en-CA","@id":"https:\/\/desherbex.com\/contact\/#primaryimage","url":"https:\/\/desherbex.com\/wp-content\/uploads\/2022\/10\/New-Project-1024x415.jpg","contentUrl":"https:\/\/desherbex.com\/wp-content\/uploads\/2022\/10\/New-Project-1024x415.jpg"},{"@type":"BreadcrumbList","@id":"https:\/\/desherbex.com\/contact\/#breadcrumb","itemListElement":[{"@type":"ListItem","position":1,"name":"Home","item":"https:\/\/desherbex.com\/"},{"@type":"ListItem","position":2,"name":"Contact"}]},{"@type":"WebSite","@id":"https:\/\/desherbex.com\/#website","url":"https:\/\/desherbex.com\/","name":"D\u00e9sherbex","description":"","publisher":{"@id":"https:\/\/desherbex.com\/#organization"},"potentialAction":[{"@type":"SearchAction","target":{"@type":"EntryPoint","urlTemplate":"https:\/\/desherbex.com\/?s={search_term_string}"},"query-input":{"@type":"PropertyValueSpecification","valueRequired":true,"valueName":"search_term_string"}}],"inLanguage":"en-CA"},{"@type":"Organization","@id":"https:\/\/desherbex.com\/#organization","name":"D\u00e9sherbex","url":"https:\/\/desherbex.com\/","logo":{"@type":"ImageObject","inLanguage":"en-CA","@id":"https:\/\/desherbex.com\/#\/schema\/logo\/image\/","url":"https:\/\/desherbex.com\/wp-content\/uploads\/2022\/02\/cropped-LOGO_DESHERBEX-NOIR.png","contentUrl":"https:\/\/desherbex.com\/wp-content\/uploads\/2022\/02\/cropped-LOGO_DESHERBEX-NOIR.png","width":1563,"height":408,"caption":"D\u00e9sherbex"},"image":{"@id":"https:\/\/desherbex.com\/#\/schema\/logo\/image\/"}}]}},"_links":{"self":[{"href":"https:\/\/desherbex.com\/en\/wp-json\/wp\/v2\/pages\/14","targetHints":{"allow":["GET"]}}],"collection":[{"href":"https:\/\/desherbex.com\/en\/wp-json\/wp\/v2\/pages"}],"about":[{"href":"https:\/\/desherbex.com\/en\/wp-json\/wp\/v2\/types\/page"}],"author":[{"embeddable":true,"href":"https:\/\/desherbex.com\/en\/wp-json\/wp\/v2\/users\/1"}],"replies":[{"embeddable":true,"href":"https:\/\/desherbex.com\/en\/wp-json\/wp\/v2\/comments?post=14"}],"version-history":[{"count":40,"href":"https:\/\/desherbex.com\/en\/wp-json\/wp\/v2\/pages\/14\/revisions"}],"predecessor-version":[{"id":586,"href":"https:\/\/desherbex.com\/en\/wp-json\/wp\/v2\/pages\/14\/revisions\/586"}],"wp:attachment":[{"href":"https:\/\/desherbex.com\/en\/wp-json\/wp\/v2\/media?parent=14"}],"curies":[{"name":"wp","href":"https:\/\/api.w.org\/{rel}","templated":true}]}}